{"id":93,"date":"2020-12-02T00:49:40","date_gmt":"2020-12-02T00:49:40","guid":{"rendered":"http:\/\/blogs.uji.es\/ele\/?page_id=93"},"modified":"2020-12-02T00:49:41","modified_gmt":"2020-12-02T00:49:41","slug":"bibliografia-recomendada","status":"publish","type":"page","link":"https:\/\/blogs.uji.es\/ele\/bibliografia-recomendada\/","title":{"rendered":"Bibliograf\u00eda recomendada"},"content":{"rendered":"\n<p>Consejo de Europa (2001).&nbsp;<em><a href=\"https:\/\/cvc.cervantes.es\/ensenanza\/biblioteca_ele\/marco\/\" target=\"_blank\" rel=\"noreferrer noopener\">Marco com\u00fan europeo de referencia para las lenguas: aprendizaje, ense\u00f1anza, evaluaci\u00f3n<\/a><\/em>. Madrid: MECD- Anaya.&nbsp;Descargado de&nbsp;https:\/\/cvc.cervantes.es\/ensenanza\/biblioteca_ele\/marco\/<br>Consejo de Europa (2017).<em><a href=\"https:\/\/rm.coe.int\/1680697fca\" target=\"_blank\" rel=\"noreferrer noopener\">Collated representative samples of decriptors of language competences developed for young learnes aged 7-10 years<\/a><\/em>. Estrasburgo: Consejo de Europa.&nbsp;Descargado de&nbsp;https:\/\/rm.coe.int\/1680697fca<br>Consejo de Europa (2017).&nbsp;<em>C<a href=\"https:\/\/rm.coe.int\/1680697fc9\" target=\"_blank\" rel=\"noreferrer noopener\">ollated representative samples of decriptors of language competences developed for young learnes aged 11-15 years<\/a>.<\/em>&nbsp;Estrasburgo: Consejo de Europa.&nbsp;Descargado de&nbsp;https:\/\/rm.coe.int\/1680697fc9<br>Consejo de Europa (2018).&nbsp;<em><a href=\"https:\/\/rm.coe.int\/cefr-companion-volume-with-new-descriptors-2018\/1680787989\" target=\"_blank\" rel=\"noreferrer noopener\">Companion Volume with New Descriptors. Estrasburgo: Consejo de Europa<\/a><\/em>.&nbsp;Descargado de&nbsp;https:\/\/rm.coe.int\/cefr-companion-volume-with-new-descriptors-2018\/1680787989<\/p>\n\n\n\n<p>Instituto Cervantes (2006).&nbsp;<em><a href=\"https:\/\/cvc.cervantes.es\/ensenanza\/biblioteca_ele\/plan_curricular\/\" target=\"_blank\" rel=\"noreferrer noopener\">Plan curricular del Instituto Cervantes. Niveles de referencia para el espa\u00f1ol<\/a><\/em><a href=\"https:\/\/cvc.cervantes.es\/ensenanza\/biblioteca_ele\/plan_curricular\/\" target=\"_blank\" rel=\"noreferrer noopener\">.<\/a>&nbsp;Madrid: Instituto Cervantes- Biblioteca nueva.&nbsp;Descargado de&nbsp;https:\/\/cvc.cervantes.es\/ensenanza\/biblioteca_ele\/plan_curricular\/<br>Instituto Cervantes (2018).&nbsp;<a href=\"https:\/\/aulavirtual.uji.es\/mod\/url\/view.php?id=4265502\"><em>Las competencias clave del profesorado<\/em><\/a>. Madrid: Instituto Cervantes. Descargado de&nbsp;https:\/\/cvc.cervantes.es\/ensenanza\/biblioteca_ele\/competencias\/competencias_profesorado.pdf<\/p>\n","protected":false},"excerpt":{"rendered":"<p>Consejo de Europa (2001).&nbsp;Marco com\u00fan europeo de referencia para las lenguas: aprendizaje, ense\u00f1anza, evaluaci\u00f3n. Madrid: MECD- Anaya.&nbsp;Descargado de&nbsp;https:\/\/cvc.cervantes.es\/ensenanza\/biblioteca_ele\/marco\/Consejo de Europa (2017).Collated representative samples of decriptors of language competences developed for young learnes aged 7-10 years. Estrasburgo: Consejo de Europa.&nbsp;Descargado de&nbsp;https:\/\/rm.coe.int\/1680697fcaConsejo<\/p>\n","protected":false},"author":151,"featured_media":0,"parent":0,"menu_order":0,"comment_status":"closed","ping_status":"closed","template":"","meta":{"_monsterinsights_skip_tracking":false,"_monsterinsights_sitenote_active":false,"_monsterinsights_sitenote_note":"","_monsterinsights_sitenote_category":0,"footnotes":""},"class_list":["post-93","page","type-page","status-publish","hentry"],"yoast_head":"<!-- This site is optimized with the Yoast SEO plugin v26.9 - https:\/\/yoast.com\/product\/yoast-seo-wordpress\/ -->\n<title>Bibliograf\u00eda recomendada - Proyecto de Innovaci\u00f3n Educativa (UFIE-UJI)<\/title>\n<meta name=\"robots\" content=\"index, follow, max-snippet:-1, max-image-preview:large, max-video-preview:-1\" \/>\n<link rel=\"canonical\" href=\"https:\/\/blogs.uji.es\/ele\/bibliografia-recomendada\/?lang=es\" \/>\n<meta property=\"og:locale\" content=\"es_ES\" \/>\n<meta property=\"og:type\" content=\"article\" \/>\n<meta property=\"og:title\" content=\"Bibliograf\u00eda recomendada - Proyecto de Innovaci\u00f3n Educativa (UFIE-UJI)\" \/>\n<meta property=\"og:description\" content=\"Consejo de Europa (2001).&nbsp;Marco com\u00fan europeo de referencia para las lenguas: aprendizaje, ense\u00f1anza, evaluaci\u00f3n. Madrid: MECD- Anaya.&nbsp;Descargado de&nbsp;https:\/\/cvc.cervantes.es\/ensenanza\/biblioteca_ele\/marco\/Consejo de Europa (2017).Collated representative samples of decriptors of language competences developed for young learnes aged 7-10 years. Estrasburgo: Consejo de Europa.&nbsp;Descargado de&nbsp;https:\/\/rm.coe.int\/1680697fcaConsejo\" \/>\n<meta property=\"og:url\" content=\"https:\/\/blogs.uji.es\/ele\/bibliografia-recomendada\/\" \/>\n<meta property=\"og:site_name\" content=\"Proyecto de Innovaci\u00f3n Educativa (UFIE-UJI)\" \/>\n<meta property=\"article:modified_time\" content=\"2020-12-02T00:49:41+00:00\" \/>\n<meta name=\"twitter:card\" content=\"summary_large_image\" \/>\n<meta name=\"twitter:label1\" content=\"Tiempo de lectura\" \/>\n\t<meta name=\"twitter:data1\" content=\"1 minuto\" \/>\n<script type=\"application\/ld+json\" class=\"yoast-schema-graph\">{\"@context\":\"https:\/\/schema.org\",\"@graph\":[{\"@type\":\"WebPage\",\"@id\":\"https:\/\/blogs.uji.es\/ele\/bibliografia-recomendada\/\",\"url\":\"https:\/\/blogs.uji.es\/ele\/bibliografia-recomendada\/\",\"name\":\"Bibliograf\u00eda recomendada - Proyecto de Innovaci\u00f3n Educativa (UFIE-UJI)\",\"isPartOf\":{\"@id\":\"https:\/\/blogs.uji.es\/ele\/#website\"},\"datePublished\":\"2020-12-02T00:49:40+00:00\",\"dateModified\":\"2020-12-02T00:49:41+00:00\",\"breadcrumb\":{\"@id\":\"https:\/\/blogs.uji.es\/ele\/bibliografia-recomendada\/#breadcrumb\"},\"inLanguage\":\"es\",\"potentialAction\":[{\"@type\":\"ReadAction\",\"target\":[\"https:\/\/blogs.uji.es\/ele\/bibliografia-recomendada\/\"]}]},{\"@type\":\"BreadcrumbList\",\"@id\":\"https:\/\/blogs.uji.es\/ele\/bibliografia-recomendada\/#breadcrumb\",\"itemListElement\":[{\"@type\":\"ListItem\",\"position\":1,\"name\":\"Portada\",\"item\":\"https:\/\/blogs.uji.es\/ele\/\"},{\"@type\":\"ListItem\",\"position\":2,\"name\":\"Bibliograf\u00eda recomendada\"}]},{\"@type\":\"WebSite\",\"@id\":\"https:\/\/blogs.uji.es\/ele\/#website\",\"url\":\"https:\/\/blogs.uji.es\/ele\/\",\"name\":\"Proyecto de Innovaci\u00f3n Educativa (UFIE-UJI)\",\"description\":\"Proyecto de Innovaci\u00f3n Educativa del grupo GIEELE\",\"publisher\":{\"@id\":\"https:\/\/blogs.uji.es\/ele\/#organization\"},\"potentialAction\":[{\"@type\":\"SearchAction\",\"target\":{\"@type\":\"EntryPoint\",\"urlTemplate\":\"https:\/\/blogs.uji.es\/ele\/?s={search_term_string}\"},\"query-input\":{\"@type\":\"PropertyValueSpecification\",\"valueRequired\":true,\"valueName\":\"search_term_string\"}}],\"inLanguage\":\"es\"},{\"@type\":\"Organization\",\"@id\":\"https:\/\/blogs.uji.es\/ele\/#organization\",\"name\":\"Proyecto de Innovaci\u00f3n Educativa (UFIE-UJI)\",\"url\":\"https:\/\/blogs.uji.es\/ele\/\",\"logo\":{\"@type\":\"ImageObject\",\"inLanguage\":\"es\",\"@id\":\"https:\/\/blogs.uji.es\/ele\/#\/schema\/logo\/image\/\",\"url\":\"https:\/\/blogs.uji.es\/ele\/files\/2020\/12\/UJI.jpg\",\"contentUrl\":\"https:\/\/blogs.uji.es\/ele\/files\/2020\/12\/UJI.jpg\",\"width\":201,\"height\":66,\"caption\":\"Proyecto de Innovaci\u00f3n Educativa (UFIE-UJI)\"},\"image\":{\"@id\":\"https:\/\/blogs.uji.es\/ele\/#\/schema\/logo\/image\/\"}}]}<\/script>\n<!-- \/ Yoast SEO plugin. -->","yoast_head_json":{"title":"Bibliograf\u00eda recomendada - Proyecto de Innovaci\u00f3n Educativa (UFIE-UJI)","robots":{"index":"index","follow":"follow","max-snippet":"max-snippet:-1","max-image-preview":"max-image-preview:large","max-video-preview":"max-video-preview:-1"},"canonical":"https:\/\/blogs.uji.es\/ele\/bibliografia-recomendada\/?lang=es","og_locale":"es_ES","og_type":"article","og_title":"Bibliograf\u00eda recomendada - Proyecto de Innovaci\u00f3n Educativa (UFIE-UJI)","og_description":"Consejo de Europa (2001).&nbsp;Marco com\u00fan europeo de referencia para las lenguas: aprendizaje, ense\u00f1anza, evaluaci\u00f3n. Madrid: MECD- Anaya.&nbsp;Descargado de&nbsp;https:\/\/cvc.cervantes.es\/ensenanza\/biblioteca_ele\/marco\/Consejo de Europa (2017).Collated representative samples of decriptors of language competences developed for young learnes aged 7-10 years. Estrasburgo: Consejo de Europa.&nbsp;Descargado de&nbsp;https:\/\/rm.coe.int\/1680697fcaConsejo","og_url":"https:\/\/blogs.uji.es\/ele\/bibliografia-recomendada\/","og_site_name":"Proyecto de Innovaci\u00f3n Educativa (UFIE-UJI)","article_modified_time":"2020-12-02T00:49:41+00:00","twitter_card":"summary_large_image","twitter_misc":{"Tiempo de lectura":"1 minuto"},"schema":{"@context":"https:\/\/schema.org","@graph":[{"@type":"WebPage","@id":"https:\/\/blogs.uji.es\/ele\/bibliografia-recomendada\/","url":"https:\/\/blogs.uji.es\/ele\/bibliografia-recomendada\/","name":"Bibliograf\u00eda recomendada - Proyecto de Innovaci\u00f3n Educativa (UFIE-UJI)","isPartOf":{"@id":"https:\/\/blogs.uji.es\/ele\/#website"},"datePublished":"2020-12-02T00:49:40+00:00","dateModified":"2020-12-02T00:49:41+00:00","breadcrumb":{"@id":"https:\/\/blogs.uji.es\/ele\/bibliografia-recomendada\/#breadcrumb"},"inLanguage":"es","potentialAction":[{"@type":"ReadAction","target":["https:\/\/blogs.uji.es\/ele\/bibliografia-recomendada\/"]}]},{"@type":"BreadcrumbList","@id":"https:\/\/blogs.uji.es\/ele\/bibliografia-recomendada\/#breadcrumb","itemListElement":[{"@type":"ListItem","position":1,"name":"Portada","item":"https:\/\/blogs.uji.es\/ele\/"},{"@type":"ListItem","position":2,"name":"Bibliograf\u00eda recomendada"}]},{"@type":"WebSite","@id":"https:\/\/blogs.uji.es\/ele\/#website","url":"https:\/\/blogs.uji.es\/ele\/","name":"Proyecto de Innovaci\u00f3n Educativa (UFIE-UJI)","description":"Proyecto de Innovaci\u00f3n Educativa del grupo GIEELE","publisher":{"@id":"https:\/\/blogs.uji.es\/ele\/#organization"},"potentialAction":[{"@type":"SearchAction","target":{"@type":"EntryPoint","urlTemplate":"https:\/\/blogs.uji.es\/ele\/?s={search_term_string}"},"query-input":{"@type":"PropertyValueSpecification","valueRequired":true,"valueName":"search_term_string"}}],"inLanguage":"es"},{"@type":"Organization","@id":"https:\/\/blogs.uji.es\/ele\/#organization","name":"Proyecto de Innovaci\u00f3n Educativa (UFIE-UJI)","url":"https:\/\/blogs.uji.es\/ele\/","logo":{"@type":"ImageObject","inLanguage":"es","@id":"https:\/\/blogs.uji.es\/ele\/#\/schema\/logo\/image\/","url":"https:\/\/blogs.uji.es\/ele\/files\/2020\/12\/UJI.jpg","contentUrl":"https:\/\/blogs.uji.es\/ele\/files\/2020\/12\/UJI.jpg","width":201,"height":66,"caption":"Proyecto de Innovaci\u00f3n Educativa (UFIE-UJI)"},"image":{"@id":"https:\/\/blogs.uji.es\/ele\/#\/schema\/logo\/image\/"}}]}},"_links":{"self":[{"href":"https:\/\/blogs.uji.es\/ele\/wp-json\/wp\/v2\/pages\/93","targetHints":{"allow":["GET"]}}],"collection":[{"href":"https:\/\/blogs.uji.es\/ele\/wp-json\/wp\/v2\/pages"}],"about":[{"href":"https:\/\/blogs.uji.es\/ele\/wp-json\/wp\/v2\/types\/page"}],"author":[{"embeddable":true,"href":"https:\/\/blogs.uji.es\/ele\/wp-json\/wp\/v2\/users\/151"}],"replies":[{"embeddable":true,"href":"https:\/\/blogs.uji.es\/ele\/wp-json\/wp\/v2\/comments?post=93"}],"version-history":[{"count":1,"href":"https:\/\/blogs.uji.es\/ele\/wp-json\/wp\/v2\/pages\/93\/revisions"}],"predecessor-version":[{"id":95,"href":"https:\/\/blogs.uji.es\/ele\/wp-json\/wp\/v2\/pages\/93\/revisions\/95"}],"wp:attachment":[{"href":"https:\/\/blogs.uji.es\/ele\/wp-json\/wp\/v2\/media?parent=93"}],"curies":[{"name":"wp","href":"https:\/\/api.w.org\/{rel}","templated":true}]}}